{"id":1569,"date":"2025-01-09T08:49:16","date_gmt":"2025-01-09T07:49:16","guid":{"rendered":"https:\/\/itc42.lokalix.de\/imprint\/"},"modified":"2026-04-15T06:52:44","modified_gmt":"2026-04-15T04:52:44","slug":"impressum","status":"publish","type":"page","link":"https:\/\/itc42.com\/en\/impressum\/","title":{"rendered":"Imprint"},"content":{"rendered":"\t\t<div data-elementor-type=\"wp-page\" data-elementor-id=\"1569\" class=\"elementor elementor-1569 elementor-531\" data-elementor-post-type=\"page\">\n\t\t\t\t<div class=\"elementor-element elementor-element-78de7a4 e-flex e-con-boxed e-con e-parent\" data-id=\"78de7a4\" data-element_type=\"container\" data-e-type=\"container\" data-settings=\"{&quot;background_background&quot;:&quot;classic&quot;}\">\n\t\t\t\t\t<div class=\"e-con-inner\">\n\t\t<div class=\"elementor-element elementor-element-830e1cb e-con-full e-flex e-con e-child\" data-id=\"830e1cb\" data-element_type=\"container\" data-e-type=\"container\">\n\t\t\t\t<div class=\"elementor-element elementor-element-5163455 elementor-widget elementor-widget-heading\" data-id=\"5163455\" data-element_type=\"widget\" data-e-type=\"widget\" data-widget_type=\"heading.default\">\n\t\t\t\t<div class=\"elementor-widget-container\">\n\t\t\t\t\t<h2 class=\"elementor-heading-title elementor-size-default\">Imprint<span style=\"color: #9085be\">.<\/span><\/h2>\t\t\t\t<\/div>\n\t\t\t\t<\/div>\n\t\t\t\t<div class=\"elementor-element elementor-element-dd2b981 elementor-widget__width-initial elementor-widget elementor-widget-text-editor\" data-id=\"dd2b981\" data-element_type=\"widget\" data-e-type=\"widget\" data-widget_type=\"text-editor.default\">\n\t\t\t\t<div class=\"elementor-widget-container\">\n\t\t\t\t\t\t\t\t\t<p style=\"font-weight: 400;\"><strong>ITC42 GmbH &amp; Co KG<\/strong><\/p><p style=\"font-weight: 400;\">Augustinusstr. 11d <\/p><p style=\"font-weight: 400;\">50226 Frechen<\/p><p style=\"font-weight: 400;\">Register number: HRA 32678<\/p><p style=\"font-weight: 400;\">Register court: Cologne Local Court<\/p><p style=\"font-weight: 400;\">Contact: info@itc42.com \/ +49 2234 3690660<\/p><p style=\"font-weight: 400;\"><strong>Represented by the personally liable partner:<\/strong><\/p><p style=\"font-weight: 400;\">ITC42 Management GmbH<\/p><p style=\"font-weight: 400;\">Cologne Commercial Register, HRB 90822<\/p><p style=\"font-weight: 400;\">Managing director authorized to represent the company: Jens-Oliver Haase<\/p><p><strong>Consumer dispute resolution\/Universal arbitration board<\/strong><br>We are not willing or obliged to participate in dispute resolution proceedings before a consumer arbitration board.<\/p><p><strong>Webdesign<br><\/strong>Concept and realization by <a href=\"https:\/\/lokalix.de\" target=\"_blank\" rel=\"noopener\"><strong>Lokalix.de<\/strong><\/a><\/p><p><strong>Picture credits<br><\/strong><\/p><ul><li>https:\/\/www.freepik.com\/free-photo\/happy-male-entrepreneur-using-desktop-pc-while-working-office-there-are-people-background_25592393.htm<\/li><li>https:\/\/www.freepik.com\/free-photo\/technologist-with-grey-tablet-his-hands-make-set-up-production-line-while-standing-department-dairy-factory_26151204.htm<\/li><li>https:\/\/www.freepik.com\/free-photo\/online-security-dark-background-3d-illustration_32697205.htm<\/li><li>https:\/\/www.freepik.com\/free-photo\/no-people-call-center-helpdesk-with-multiple-monitors-office-customer-service-client-support-telecommunication-nobody-working-telemarketing-assistance-with-helpline-contact_27713429.htm<\/li><li>https:\/\/www.freepik.com\/free-photo\/servers-using-renewable-energy-sources_237237172.htm<\/li><li>https:\/\/www.freepik.com\/free-photo\/close-up-tablet-used-by-it-worker-doing-maintenance-server-farm-gear_381844900.htm<\/li><li>https:\/\/www.freepik.com\/free-photo\/multiethnic-colleagues-overseeing-supercomputers-data-center_230316631.htm<\/li><\/ul>\t\t\t\t\t\t\t\t<\/div>\n\t\t\t\t<\/div>\n\t\t\t\t<\/div>\n\t\t\t\t\t<\/div>\n\t\t\t\t<\/div>\n\t\t\t\t<\/div>\n\t\t","protected":false},"excerpt":{"rendered":"<p>Imprint. ITC42 GmbH &amp; Co KG Augustinusstr. 11d 50226 Frechen Register number: HRA 32678 Register court: Cologne Local Court Contact: info@itc42.com \/ +49 2234 3690660 Represented by the personally liable partner: ITC42 Management GmbH Cologne Commercial Register, HRB 90822 Managing director authorized to represent the company: Jens-Oliver Haase Consumer dispute resolution\/Universal arbitration boardWe are not [&hellip;]<\/p>\n","protected":false},"author":1,"featured_media":0,"parent":0,"menu_order":0,"comment_status":"closed","ping_status":"closed","template":"","meta":{"_acf_changed":false,"footnotes":""},"class_list":["post-1569","page","type-page","status-publish","hentry"],"acf":[],"yoast_head":"<!-- This site is optimized with the Yoast SEO plugin v27.4 - https:\/\/yoast.com\/product\/yoast-seo-wordpress\/ -->\n<title>Imprint &#8211; ITC42 GmbH &amp; Co. KG<\/title>\n<meta name=\"description\" content=\"ITC42 GmbH &amp; Co KG Imprint\" \/>\n<meta name=\"robots\" content=\"index, follow, max-snippet:-1, max-image-preview:large, max-video-preview:-1\" \/>\n<link rel=\"canonical\" href=\"https:\/\/itc42.com\/en\/impressum\/\" \/>\n<meta property=\"og:locale\" content=\"en_US\" \/>\n<meta property=\"og:type\" content=\"article\" \/>\n<meta property=\"og:title\" content=\"Imprint &#8211; ITC42 GmbH &amp; Co. KG\" \/>\n<meta property=\"og:description\" content=\"ITC42 GmbH &amp; Co KG Imprint\" \/>\n<meta property=\"og:url\" content=\"https:\/\/itc42.com\/en\/impressum\/\" \/>\n<meta property=\"og:site_name\" content=\"ITC42 GmbH &amp; Co. KG\" \/>\n<meta property=\"article:modified_time\" content=\"2026-04-15T04:52:44+00:00\" \/>\n<meta property=\"og:image\" content=\"https:\/\/itc42.com\/wp-content\/uploads\/2025\/01\/itc42_logo_transparent-e1736333215805.png\" \/>\n\t<meta property=\"og:image:width\" content=\"714\" \/>\n\t<meta property=\"og:image:height\" content=\"218\" \/>\n\t<meta property=\"og:image:type\" content=\"image\/png\" \/>\n<meta name=\"twitter:card\" content=\"summary_large_image\" \/>\n<meta name=\"twitter:label1\" content=\"Est. reading time\" \/>\n\t<meta name=\"twitter:data1\" content=\"1 minute\" \/>\n<script type=\"application\/ld+json\" class=\"yoast-schema-graph\">{\"@context\":\"https:\\\/\\\/schema.org\",\"@graph\":[{\"@type\":\"WebPage\",\"@id\":\"https:\\\/\\\/itc42.com\\\/en\\\/impressum\\\/\",\"url\":\"https:\\\/\\\/itc42.com\\\/en\\\/impressum\\\/\",\"name\":\"Imprint &#8211; ITC42 GmbH &amp; Co. KG\",\"isPartOf\":{\"@id\":\"https:\\\/\\\/itc42.com\\\/en\\\/#website\"},\"datePublished\":\"2025-01-09T07:49:16+00:00\",\"dateModified\":\"2026-04-15T04:52:44+00:00\",\"description\":\"ITC42 GmbH & Co KG Imprint\",\"breadcrumb\":{\"@id\":\"https:\\\/\\\/itc42.com\\\/en\\\/impressum\\\/#breadcrumb\"},\"inLanguage\":\"en-US\",\"potentialAction\":[{\"@type\":\"ReadAction\",\"target\":[\"https:\\\/\\\/itc42.com\\\/en\\\/impressum\\\/\"]}]},{\"@type\":\"BreadcrumbList\",\"@id\":\"https:\\\/\\\/itc42.com\\\/en\\\/impressum\\\/#breadcrumb\",\"itemListElement\":[{\"@type\":\"ListItem\",\"position\":1,\"name\":\"Startseite\",\"item\":\"https:\\\/\\\/itc42.com\\\/en\\\/\"},{\"@type\":\"ListItem\",\"position\":2,\"name\":\"Imprint\"}]},{\"@type\":\"WebSite\",\"@id\":\"https:\\\/\\\/itc42.com\\\/en\\\/#website\",\"url\":\"https:\\\/\\\/itc42.com\\\/en\\\/\",\"name\":\"ITC42 \u2013 IT-Beratung & Netzwerkl\u00f6sungen f\u00fcr Unternehmen\",\"description\":\"Beratung und L\u00f6sungen f\u00fcr eine sichere und effiziente Netzwerke\",\"publisher\":{\"@id\":\"https:\\\/\\\/itc42.com\\\/en\\\/#organization\"},\"alternateName\":\"ITC42 \u2013 IT-Consulting & Netzwerkl\u00f6sungen\",\"potentialAction\":[{\"@type\":\"SearchAction\",\"target\":{\"@type\":\"EntryPoint\",\"urlTemplate\":\"https:\\\/\\\/itc42.com\\\/en\\\/?s={search_term_string}\"},\"query-input\":{\"@type\":\"PropertyValueSpecification\",\"valueRequired\":true,\"valueName\":\"search_term_string\"}}],\"inLanguage\":\"en-US\"},{\"@type\":\"Organization\",\"@id\":\"https:\\\/\\\/itc42.com\\\/en\\\/#organization\",\"name\":\"ITC42 GmbH & Co. KG\",\"alternateName\":\"ITC42 \u2013 IT-Consulting & Netzwerkl\u00f6sungen\",\"url\":\"https:\\\/\\\/itc42.com\\\/en\\\/\",\"logo\":{\"@type\":\"ImageObject\",\"inLanguage\":\"en-US\",\"@id\":\"https:\\\/\\\/itc42.com\\\/en\\\/#\\\/schema\\\/logo\\\/image\\\/\",\"url\":\"https:\\\/\\\/itc42.com\\\/wp-content\\\/uploads\\\/2025\\\/01\\\/itc42_logo.jpg\",\"contentUrl\":\"https:\\\/\\\/itc42.com\\\/wp-content\\\/uploads\\\/2025\\\/01\\\/itc42_logo.jpg\",\"width\":714,\"height\":291,\"caption\":\"ITC42 GmbH & Co. KG\"},\"image\":{\"@id\":\"https:\\\/\\\/itc42.com\\\/en\\\/#\\\/schema\\\/logo\\\/image\\\/\"}}]}<\/script>\n<!-- \/ Yoast SEO plugin. -->","yoast_head_json":{"title":"Imprint &#8211; ITC42 GmbH &amp; Co. KG","description":"ITC42 GmbH & Co KG Imprint","robots":{"index":"index","follow":"follow","max-snippet":"max-snippet:-1","max-image-preview":"max-image-preview:large","max-video-preview":"max-video-preview:-1"},"canonical":"https:\/\/itc42.com\/en\/impressum\/","og_locale":"en_US","og_type":"article","og_title":"Imprint &#8211; ITC42 GmbH &amp; Co. KG","og_description":"ITC42 GmbH & Co KG Imprint","og_url":"https:\/\/itc42.com\/en\/impressum\/","og_site_name":"ITC42 GmbH &amp; Co. KG","article_modified_time":"2026-04-15T04:52:44+00:00","og_image":[{"width":714,"height":218,"url":"https:\/\/itc42.com\/wp-content\/uploads\/2025\/01\/itc42_logo_transparent-e1736333215805.png","type":"image\/png"}],"twitter_card":"summary_large_image","twitter_misc":{"Est. reading time":"1 minute"},"schema":{"@context":"https:\/\/schema.org","@graph":[{"@type":"WebPage","@id":"https:\/\/itc42.com\/en\/impressum\/","url":"https:\/\/itc42.com\/en\/impressum\/","name":"Imprint &#8211; ITC42 GmbH &amp; Co. KG","isPartOf":{"@id":"https:\/\/itc42.com\/en\/#website"},"datePublished":"2025-01-09T07:49:16+00:00","dateModified":"2026-04-15T04:52:44+00:00","description":"ITC42 GmbH & Co KG Imprint","breadcrumb":{"@id":"https:\/\/itc42.com\/en\/impressum\/#breadcrumb"},"inLanguage":"en-US","potentialAction":[{"@type":"ReadAction","target":["https:\/\/itc42.com\/en\/impressum\/"]}]},{"@type":"BreadcrumbList","@id":"https:\/\/itc42.com\/en\/impressum\/#breadcrumb","itemListElement":[{"@type":"ListItem","position":1,"name":"Startseite","item":"https:\/\/itc42.com\/en\/"},{"@type":"ListItem","position":2,"name":"Imprint"}]},{"@type":"WebSite","@id":"https:\/\/itc42.com\/en\/#website","url":"https:\/\/itc42.com\/en\/","name":"ITC42 \u2013 IT-Beratung & Netzwerkl\u00f6sungen f\u00fcr Unternehmen","description":"Beratung und L\u00f6sungen f\u00fcr eine sichere und effiziente Netzwerke","publisher":{"@id":"https:\/\/itc42.com\/en\/#organization"},"alternateName":"ITC42 \u2013 IT-Consulting & Netzwerkl\u00f6sungen","potentialAction":[{"@type":"SearchAction","target":{"@type":"EntryPoint","urlTemplate":"https:\/\/itc42.com\/en\/?s={search_term_string}"},"query-input":{"@type":"PropertyValueSpecification","valueRequired":true,"valueName":"search_term_string"}}],"inLanguage":"en-US"},{"@type":"Organization","@id":"https:\/\/itc42.com\/en\/#organization","name":"ITC42 GmbH & Co. KG","alternateName":"ITC42 \u2013 IT-Consulting & Netzwerkl\u00f6sungen","url":"https:\/\/itc42.com\/en\/","logo":{"@type":"ImageObject","inLanguage":"en-US","@id":"https:\/\/itc42.com\/en\/#\/schema\/logo\/image\/","url":"https:\/\/itc42.com\/wp-content\/uploads\/2025\/01\/itc42_logo.jpg","contentUrl":"https:\/\/itc42.com\/wp-content\/uploads\/2025\/01\/itc42_logo.jpg","width":714,"height":291,"caption":"ITC42 GmbH & Co. KG"},"image":{"@id":"https:\/\/itc42.com\/en\/#\/schema\/logo\/image\/"}}]}},"_links":{"self":[{"href":"https:\/\/itc42.com\/en\/wp-json\/wp\/v2\/pages\/1569","targetHints":{"allow":["GET"]}}],"collection":[{"href":"https:\/\/itc42.com\/en\/wp-json\/wp\/v2\/pages"}],"about":[{"href":"https:\/\/itc42.com\/en\/wp-json\/wp\/v2\/types\/page"}],"author":[{"embeddable":true,"href":"https:\/\/itc42.com\/en\/wp-json\/wp\/v2\/users\/1"}],"replies":[{"embeddable":true,"href":"https:\/\/itc42.com\/en\/wp-json\/wp\/v2\/comments?post=1569"}],"version-history":[{"count":4,"href":"https:\/\/itc42.com\/en\/wp-json\/wp\/v2\/pages\/1569\/revisions"}],"predecessor-version":[{"id":1804,"href":"https:\/\/itc42.com\/en\/wp-json\/wp\/v2\/pages\/1569\/revisions\/1804"}],"wp:attachment":[{"href":"https:\/\/itc42.com\/en\/wp-json\/wp\/v2\/media?parent=1569"}],"curies":[{"name":"wp","href":"https:\/\/api.w.org\/{rel}","templated":true}]}}